{"id":2996,"date":"2022-09-09T06:44:30","date_gmt":"2022-09-09T03:44:30","guid":{"rendered":"https:\/\/padvaiskodistilerija.lt\/%e9%80%a3%e7%b5%a1%e5%85%88\/"},"modified":"2023-10-25T17:22:08","modified_gmt":"2023-10-25T14:22:08","slug":"%e9%80%a3%e7%b5%a1%e5%85%88","status":"publish","type":"page","link":"https:\/\/padvaiskodistilerija.lt\/ja\/%e9%80%a3%e7%b5%a1%e5%85%88\/","title":{"rendered":"\u9023\u7d61\u5148"},"content":{"rendered":"\n<div class=\"wp-block-columns is-layout-flex wp-container-core-columns-is-layout-9d6595d7 wp-block-columns-is-layout-flex\">\n<div class=\"wp-block-column is-layout-flow wp-block-column-is-layout-flow\">\n<p><p>UAB PADVAISKO DVARAS<\/p><p>\u4f1a\u793e\u30b3\u30fc\u30c9 305465725<br\/>\u4f4f\u6240 \u0160ilo 1a, Gliti\u0161k\u0117s, Vilniaus r.<br\/>LT-14292 Lietuva<\/p><p>\u96fb\u8a71\u756a\u53f7<br\/><a data-type=\"tel\" data-id=\"tel:+37068713744\" href=\"tel:+37068713744\" data-mce-href=\"tel:+37068713744\">+370 69832031<\/a><\/p><p>\u96fb\u5b50\u30e1\u30fc\u30eb\u30a2\u30c9\u30ec\u30b9<br\/><a href=\"mailto:info@padvaiskodistilerija.lt\" data-mce-href=\"mailto:info@padvaiskodistilerija.lt\">info@padvaiskodistilerija.lt<\/a><\/p><\/p>\n\n\n\n&#8211;\n<\/div>\n\n\n\n<div class=\"wp-block-column is-layout-flow wp-block-column-is-layout-flow\">\n<iframe src=\"https:\/\/www.google.com\/maps\/embed?pb=!1m17!1m12!1m3!1d775.0756236912418!2d25.224989480078865!3d54.985307342168525!2m3!1f0!2f0!3f0!3m2!1i1024!2i768!4f13.1!3m2!1m1!2zNTTCsDU5JzA3LjciTiAyNcKwMTMnMzAuNyJF!5e0!3m2!1sen!2slt!4v1688478185622!5m2!1sen!2slt\" width=\"100%\" height=\"450\" style=\"border:0;\" allowfullscreen=\"\" loading=\"lazy\" referrerpolicy=\"no-referrer-when-downgrade\"><\/iframe>\r\n<\/div>\n<\/div>\n\n<p><\/p>\n","protected":false},"excerpt":{"rendered":"<p>UAB PADVAISKO DVARAS \u4f1a\u793e\u30b3\u30fc\u30c9 305465725\u4f4f\u6240 \u0160ilo 1a, Gliti\u0161k\u0117s, Vilniaus r.LT-14292 Lietuva \u96fb\u8a71\u756a\u53f7+370 69832031 \u96fb\u5b50\u30e1\u30fc\u30eb [&hellip;]<\/p>\n","protected":false},"author":1,"featured_media":0,"parent":0,"menu_order":0,"comment_status":"closed","ping_status":"closed","template":"","meta":{"_acf_changed":false,"footnotes":""},"class_list":["post-2996","page","type-page","status-publish","hentry"],"acf":[],"yoast_head":"<!-- This site is optimized with the Yoast SEO plugin v27.3 - https:\/\/yoast.com\/product\/yoast-seo-wordpress\/ -->\n<title>\u9023\u7d61\u5148 - Padvaisko distilerija<\/title>\n<meta name=\"description\" content=\"UAB PADVAISKO DVARAS\u4f1a\u793e\u30b3\u30fc\u30c9 305465725\u4f4f\u6240 \u0160ilo 1a, Gliti\u0161k\u0117s, Vilniaus r.LT-14292 Lietuva\u96fb\u8a71\u756a\u53f7+370 69832031\u96fb\u5b50\u30e1\u30fc\u30eb\u30a2\u30c9\u30ec\u30b9info@padvaiskodistilerija.lt  -\" \/>\n<meta name=\"robots\" content=\"index, follow, max-snippet:-1, max-image-preview:large, max-video-preview:-1\" \/>\n<link rel=\"canonical\" href=\"https:\/\/padvaiskodistilerija.lt\/ja\/%e9%80%a3%e7%b5%a1%e5%85%88\/\" \/>\n<meta property=\"og:locale\" content=\"ja_JP\" \/>\n<meta property=\"og:type\" content=\"article\" \/>\n<meta property=\"og:title\" content=\"\u9023\u7d61\u5148 - Padvaisko distilerija\" \/>\n<meta property=\"og:description\" content=\"UAB PADVAISKO DVARAS\u4f1a\u793e\u30b3\u30fc\u30c9 305465725\u4f4f\u6240 \u0160ilo 1a, Gliti\u0161k\u0117s, Vilniaus r.LT-14292 Lietuva\u96fb\u8a71\u756a\u53f7+370 69832031\u96fb\u5b50\u30e1\u30fc\u30eb\u30a2\u30c9\u30ec\u30b9info@padvaiskodistilerija.lt  -\" \/>\n<meta property=\"og:url\" content=\"https:\/\/padvaiskodistilerija.lt\/ja\/%e9%80%a3%e7%b5%a1%e5%85%88\/\" \/>\n<meta property=\"og:site_name\" content=\"Padvaisko distilerija\" \/>\n<meta property=\"article:modified_time\" content=\"2023-10-25T14:22:08+00:00\" \/>\n<meta property=\"og:image\" content=\"https:\/\/padvaiskodistilerija.lt\/wp-content\/uploads\/2022\/07\/distilerija_1.jpg\" \/>\n<meta name=\"twitter:card\" content=\"summary_large_image\" \/>\n<meta name=\"twitter:image\" content=\"https:\/\/padvaiskodistilerija.lt\/wp-content\/uploads\/2022\/07\/distilerija_1.jpg\" \/>\n<script type=\"application\/ld+json\" class=\"yoast-schema-graph\">{\"@context\":\"https:\\\/\\\/schema.org\",\"@graph\":[{\"@type\":\"WebPage\",\"@id\":\"https:\\\/\\\/padvaiskodistilerija.lt\\\/ja\\\/%e9%80%a3%e7%b5%a1%e5%85%88\\\/\",\"url\":\"https:\\\/\\\/padvaiskodistilerija.lt\\\/ja\\\/%e9%80%a3%e7%b5%a1%e5%85%88\\\/\",\"name\":\"\u9023\u7d61\u5148 - Padvaisko distilerija\",\"isPartOf\":{\"@id\":\"https:\\\/\\\/padvaiskodistilerija.lt\\\/ja\\\/#website\"},\"datePublished\":\"2022-09-09T03:44:30+00:00\",\"dateModified\":\"2023-10-25T14:22:08+00:00\",\"description\":\"UAB PADVAISKO DVARAS\u4f1a\u793e\u30b3\u30fc\u30c9 305465725\u4f4f\u6240 \u0160ilo 1a, Gliti\u0161k\u0117s, Vilniaus r.LT-14292 Lietuva\u96fb\u8a71\u756a\u53f7+370 69832031\u96fb\u5b50\u30e1\u30fc\u30eb\u30a2\u30c9\u30ec\u30b9info@padvaiskodistilerija.lt -\",\"breadcrumb\":{\"@id\":\"https:\\\/\\\/padvaiskodistilerija.lt\\\/ja\\\/%e9%80%a3%e7%b5%a1%e5%85%88\\\/#breadcrumb\"},\"inLanguage\":\"ja\",\"potentialAction\":[{\"@type\":\"ReadAction\",\"target\":[\"https:\\\/\\\/padvaiskodistilerija.lt\\\/ja\\\/%e9%80%a3%e7%b5%a1%e5%85%88\\\/\"]}]},{\"@type\":\"BreadcrumbList\",\"@id\":\"https:\\\/\\\/padvaiskodistilerija.lt\\\/ja\\\/%e9%80%a3%e7%b5%a1%e5%85%88\\\/#breadcrumb\",\"itemListElement\":[{\"@type\":\"ListItem\",\"position\":1,\"name\":\"Home\",\"item\":\"https:\\\/\\\/padvaiskodistilerija.lt\\\/ja\\\/\"},{\"@type\":\"ListItem\",\"position\":2,\"name\":\"\u9023\u7d61\u5148\"}]},{\"@type\":\"WebSite\",\"@id\":\"https:\\\/\\\/padvaiskodistilerija.lt\\\/ja\\\/#website\",\"url\":\"https:\\\/\\\/padvaiskodistilerija.lt\\\/ja\\\/\",\"name\":\"Padvaisko distilerija\",\"description\":\"obuoli\u0173 vyno distiliatai\",\"publisher\":{\"@id\":\"https:\\\/\\\/padvaiskodistilerija.lt\\\/ja\\\/#organization\"},\"potentialAction\":[{\"@type\":\"SearchAction\",\"target\":{\"@type\":\"EntryPoint\",\"urlTemplate\":\"https:\\\/\\\/padvaiskodistilerija.lt\\\/ja\\\/?s={search_term_string}\"},\"query-input\":{\"@type\":\"PropertyValueSpecification\",\"valueRequired\":true,\"valueName\":\"search_term_string\"}}],\"inLanguage\":\"ja\"},{\"@type\":\"Organization\",\"@id\":\"https:\\\/\\\/padvaiskodistilerija.lt\\\/ja\\\/#organization\",\"name\":\"Padvaisko distilerija\",\"url\":\"https:\\\/\\\/padvaiskodistilerija.lt\\\/ja\\\/\",\"logo\":{\"@type\":\"ImageObject\",\"inLanguage\":\"ja\",\"@id\":\"https:\\\/\\\/padvaiskodistilerija.lt\\\/ja\\\/#\\\/schema\\\/logo\\\/image\\\/\",\"url\":\"https:\\\/\\\/padvaiskodistilerija.lt\\\/wp-content\\\/uploads\\\/2023\\\/06\\\/logo-full.png\",\"contentUrl\":\"https:\\\/\\\/padvaiskodistilerija.lt\\\/wp-content\\\/uploads\\\/2023\\\/06\\\/logo-full.png\",\"width\":996,\"height\":631,\"caption\":\"Padvaisko distilerija\"},\"image\":{\"@id\":\"https:\\\/\\\/padvaiskodistilerija.lt\\\/ja\\\/#\\\/schema\\\/logo\\\/image\\\/\"}}]}<\/script>\n<!-- \/ Yoast SEO plugin. -->","yoast_head_json":{"title":"\u9023\u7d61\u5148 - Padvaisko distilerija","description":"UAB PADVAISKO DVARAS\u4f1a\u793e\u30b3\u30fc\u30c9 305465725\u4f4f\u6240 \u0160ilo 1a, Gliti\u0161k\u0117s, Vilniaus r.LT-14292 Lietuva\u96fb\u8a71\u756a\u53f7+370 69832031\u96fb\u5b50\u30e1\u30fc\u30eb\u30a2\u30c9\u30ec\u30b9info@padvaiskodistilerija.lt  -","robots":{"index":"index","follow":"follow","max-snippet":"max-snippet:-1","max-image-preview":"max-image-preview:large","max-video-preview":"max-video-preview:-1"},"canonical":"https:\/\/padvaiskodistilerija.lt\/ja\/%e9%80%a3%e7%b5%a1%e5%85%88\/","og_locale":"ja_JP","og_type":"article","og_title":"\u9023\u7d61\u5148 - Padvaisko distilerija","og_description":"UAB PADVAISKO DVARAS\u4f1a\u793e\u30b3\u30fc\u30c9 305465725\u4f4f\u6240 \u0160ilo 1a, Gliti\u0161k\u0117s, Vilniaus r.LT-14292 Lietuva\u96fb\u8a71\u756a\u53f7+370 69832031\u96fb\u5b50\u30e1\u30fc\u30eb\u30a2\u30c9\u30ec\u30b9info@padvaiskodistilerija.lt  -","og_url":"https:\/\/padvaiskodistilerija.lt\/ja\/%e9%80%a3%e7%b5%a1%e5%85%88\/","og_site_name":"Padvaisko distilerija","article_modified_time":"2023-10-25T14:22:08+00:00","og_image":[{"url":"https:\/\/padvaiskodistilerija.lt\/wp-content\/uploads\/2022\/07\/distilerija_1.jpg","type":"","width":"","height":""}],"twitter_card":"summary_large_image","twitter_image":"https:\/\/padvaiskodistilerija.lt\/wp-content\/uploads\/2022\/07\/distilerija_1.jpg","schema":{"@context":"https:\/\/schema.org","@graph":[{"@type":"WebPage","@id":"https:\/\/padvaiskodistilerija.lt\/ja\/%e9%80%a3%e7%b5%a1%e5%85%88\/","url":"https:\/\/padvaiskodistilerija.lt\/ja\/%e9%80%a3%e7%b5%a1%e5%85%88\/","name":"\u9023\u7d61\u5148 - Padvaisko distilerija","isPartOf":{"@id":"https:\/\/padvaiskodistilerija.lt\/ja\/#website"},"datePublished":"2022-09-09T03:44:30+00:00","dateModified":"2023-10-25T14:22:08+00:00","description":"UAB PADVAISKO DVARAS\u4f1a\u793e\u30b3\u30fc\u30c9 305465725\u4f4f\u6240 \u0160ilo 1a, Gliti\u0161k\u0117s, Vilniaus r.LT-14292 Lietuva\u96fb\u8a71\u756a\u53f7+370 69832031\u96fb\u5b50\u30e1\u30fc\u30eb\u30a2\u30c9\u30ec\u30b9info@padvaiskodistilerija.lt -","breadcrumb":{"@id":"https:\/\/padvaiskodistilerija.lt\/ja\/%e9%80%a3%e7%b5%a1%e5%85%88\/#breadcrumb"},"inLanguage":"ja","potentialAction":[{"@type":"ReadAction","target":["https:\/\/padvaiskodistilerija.lt\/ja\/%e9%80%a3%e7%b5%a1%e5%85%88\/"]}]},{"@type":"BreadcrumbList","@id":"https:\/\/padvaiskodistilerija.lt\/ja\/%e9%80%a3%e7%b5%a1%e5%85%88\/#breadcrumb","itemListElement":[{"@type":"ListItem","position":1,"name":"Home","item":"https:\/\/padvaiskodistilerija.lt\/ja\/"},{"@type":"ListItem","position":2,"name":"\u9023\u7d61\u5148"}]},{"@type":"WebSite","@id":"https:\/\/padvaiskodistilerija.lt\/ja\/#website","url":"https:\/\/padvaiskodistilerija.lt\/ja\/","name":"Padvaisko distilerija","description":"obuoli\u0173 vyno distiliatai","publisher":{"@id":"https:\/\/padvaiskodistilerija.lt\/ja\/#organization"},"potentialAction":[{"@type":"SearchAction","target":{"@type":"EntryPoint","urlTemplate":"https:\/\/padvaiskodistilerija.lt\/ja\/?s={search_term_string}"},"query-input":{"@type":"PropertyValueSpecification","valueRequired":true,"valueName":"search_term_string"}}],"inLanguage":"ja"},{"@type":"Organization","@id":"https:\/\/padvaiskodistilerija.lt\/ja\/#organization","name":"Padvaisko distilerija","url":"https:\/\/padvaiskodistilerija.lt\/ja\/","logo":{"@type":"ImageObject","inLanguage":"ja","@id":"https:\/\/padvaiskodistilerija.lt\/ja\/#\/schema\/logo\/image\/","url":"https:\/\/padvaiskodistilerija.lt\/wp-content\/uploads\/2023\/06\/logo-full.png","contentUrl":"https:\/\/padvaiskodistilerija.lt\/wp-content\/uploads\/2023\/06\/logo-full.png","width":996,"height":631,"caption":"Padvaisko distilerija"},"image":{"@id":"https:\/\/padvaiskodistilerija.lt\/ja\/#\/schema\/logo\/image\/"}}]}},"_links":{"self":[{"href":"https:\/\/padvaiskodistilerija.lt\/ja\/wp-json\/wp\/v2\/pages\/2996","targetHints":{"allow":["GET"]}}],"collection":[{"href":"https:\/\/padvaiskodistilerija.lt\/ja\/wp-json\/wp\/v2\/pages"}],"about":[{"href":"https:\/\/padvaiskodistilerija.lt\/ja\/wp-json\/wp\/v2\/types\/page"}],"author":[{"embeddable":true,"href":"https:\/\/padvaiskodistilerija.lt\/ja\/wp-json\/wp\/v2\/users\/1"}],"replies":[{"embeddable":true,"href":"https:\/\/padvaiskodistilerija.lt\/ja\/wp-json\/wp\/v2\/comments?post=2996"}],"version-history":[{"count":6,"href":"https:\/\/padvaiskodistilerija.lt\/ja\/wp-json\/wp\/v2\/pages\/2996\/revisions"}],"predecessor-version":[{"id":3345,"href":"https:\/\/padvaiskodistilerija.lt\/ja\/wp-json\/wp\/v2\/pages\/2996\/revisions\/3345"}],"wp:attachment":[{"href":"https:\/\/padvaiskodistilerija.lt\/ja\/wp-json\/wp\/v2\/media?parent=2996"}],"curies":[{"name":"wp","href":"https:\/\/api.w.org\/{rel}","templated":true}]}}